{"id":5,"date":"2022-07-03T01:21:02","date_gmt":"2022-07-03T01:21:02","guid":{"rendered":"https:\/\/pedagogiateatral.educarteudec.com\/?page_id=5"},"modified":"2022-07-03T01:21:02","modified_gmt":"2022-07-03T01:21:02","slug":"home","status":"publish","type":"page","link":"https:\/\/pedagogiateatral.educarteudec.com\/","title":{"rendered":"Home"},"content":{"rendered":"<div\n      class=\"kv-control-placeholder kv-_page\"\n      data-kv-control=\"1\">\n    <\/div> <section class=\"background-id_0adjacent section-1656810794722 nucime25 rivisu76 undefined\" style=\" position:relative;\">\n  <a name=\"section1656810794722\"><\/a>\n    <div\n    class=\"kv-control-placeholder kv-_section\"\n    data-kv-control=\"background\">\n  <\/div> <div class='kv-background  ' style=\" background-color: rgb(249,249,249);\">\n        \n        <div class='kv-background-inner '  style=\"\n          \n          \n          \n          background-color: rgb(249,249,249);\n          \"><\/div>\n          \n<\/div>\n  <div class=\"position-relative kv-content\">\n    <div\n    class=\"kv-control-placeholder kv-_section\"\n    data-kv-control=\"content\">\n  <\/div> <div class=\"kv-ee-section kv-ee-align-left\"><div class=\"kv-ee-section-head kv-ee-section--lg\"><div class=\"kv-ee-container\"><div class=\"kv-ee-row\"><div class=\"kv-ee-col-12\"><div class=\"kv-ee-section-text\"> <h2 class=\"kv-ee-section-title kv-ee-section-title--md\" data-type=\"text\" tabindex=\"0\">Pedagog\u00eda teatral<span data-prop=\"title\" class=\"ck-editable-element\" data-editable=\"basic\" style=\"display:none;\"><\/span><\/h2>   <\/div><\/div><\/div><\/div><\/div><div class=\"kv-ee-section-content\"><div class=\"kv-ee-container\"><div class=\"kv-ee-content kv-ee-custom-shadow kv-ee-default-card kv-ee-seamless\"> <div\n    class=\"kv-control-placeholder kv-_content\"\n    data-kv-control=\"list\">\n  <\/div><div class=\"kv-ee-list-control\">\n    <div class=\"kv-ee-row\" data-type=\"list\">\n        <div\n    class=\"kv-control-placeholder kv-_list\"\n    data-kv-control=\"0\">\n  <\/div> <div class=\"kv-ee-col-12 kv-ee-col-sm-6 kv-ee-item\"><div> <h3 class=\"kv-ee-title kv-ee-title--md\" data-type=\"text\" tabindex=\"0\">La Mala Conexi\u00f3n<span data-prop=\"title\" class=\"ck-editable-element\" data-editable=\"basic\" style=\"display:none;\"><\/span><\/h3> <p class=\"kv-ee-description\" data-type=\"text\" tabindex=\"0\">La Mala Conexi\u00f3n es una obra online grabada en tiempo real en el contexto de pandemia en el marco del electivo: &#8220;Pedagog\u00eda Teatral&#8221;, dictado en la Facultad de Educaci\u00f3n de la Universidad de Concepci\u00f3n por la profesora Mabel Urrutia. En esta obra se analiza el rol docente en \u00e9poca de pandemia, as\u00ed como su rol hist\u00f3rico en la Educaci\u00f3n chilena. Adem\u00e1s, se relatan situaciones de violencia escolar que se repiten de generaci\u00f3n en generaci\u00f3n.<span data-prop=\"description\" class=\"ck-editable-element\" data-editable=\"basic\" style=\"display:none;\"><\/span><\/p>  <a class=\"\n    kv-ee-button kv-ee-button-sm kv-ee-button-card kv-ee-button undefined\n    kv-ee-button-dynamic-buttons kv-button-instant-edit\n    kv-ee-button-primary\n  \" data-index=\"0\" data-type=\"button\" tabindex=\"0\" data-href=\"https:\/\/www.youtube.com\/watch?v=cshkJFboep0\" href=\"https:\/\/www.youtube.com\/watch?v=cshkJFboep0\" target=\"_blank\" data-property=\"button\" rel=\"noopener\">\n        \n        \n        <div style=\"\" class=\"kv-ee-button-has-title\">Ver obra<div\n          data-editable=\"button\"\n          data-prop=\"button.title\"\n          style=\"display:none;\">\n        <\/div><\/div>\n      <\/a>  <\/div><\/div>\n        <div\n    class=\"kv-control-placeholder kv-_list\"\n    data-kv-control=\"1\">\n  <\/div> <div class=\"kv-ee-col-12 kv-ee-col-sm-6 kv-ee-item\"><div> <h3 class=\"kv-ee-title kv-ee-title--md\" data-type=\"text\" tabindex=\"0\">Cuestionario<span data-prop=\"title\" class=\"ck-editable-element\" data-editable=\"basic\" style=\"display:none;\"><\/span><\/h3> <p class=\"kv-ee-description\" data-type=\"text\" tabindex=\"0\">Responde estas preguntas, luego de haber dado tu aprobaci\u00f3n en el siguiente link, para contribuir con tu rol de profesor a la discusi\u00f3n sobre la violencia escolar en los establecimientos educacionales del pa\u00eds.<span data-prop=\"description\" class=\"ck-editable-element\" data-editable=\"basic\" style=\"display:none;\"><\/span><\/p>  <a class=\"\n    kv-ee-button kv-ee-button-sm kv-ee-button-card kv-ee-button undefined\n    kv-ee-button-dynamic-buttons kv-button-instant-edit\n    kv-ee-button-primary\n  \" data-index=\"0\" data-type=\"button\" tabindex=\"0\" data-href=\"https:\/\/forms.gle\/FqX2a36o17innAmn6\" href=\"https:\/\/forms.gle\/FqX2a36o17innAmn6\" target=\"_blank\" data-property=\"button\" rel=\"noopener\">\n        \n        \n        <div style=\"\" class=\"kv-ee-button-has-title\">Ir a cuestionario<div\n          data-editable=\"button\"\n          data-prop=\"button.title\"\n          style=\"display:none;\">\n        <\/div><\/div>\n      <\/a>  <\/div><\/div>\n    <\/div>\n<\/div> <\/div><\/div><\/div><\/div>\n  <\/div>\n<\/section>\n<style scoped>.nucime25 .kv-ee-section{overflow:hidden}.nucime25 .kv-ee-section-text{max-width:570px}.nucime25 .kv-ee-section-head{background-color:var(--kv-ee-accent1);color:var(--kv-ee-text1-accent1);text-shadow:none;position:relative;padding-bottom:6rem}@media(min-width:768px){.nucime25 .kv-ee-section-head{padding-bottom:6.5rem}}@media(min-width:992px){.nucime25 .kv-ee-section-head{padding-bottom:7.5rem}}@media(min-width:1200px){.nucime25 .kv-ee-section-head{padding-bottom:9rem}}.nucime25 .kv-ee-section-title{color:var(--kv-ee-text1-accent1) !important;text-shadow:none}.nucime25 .kv-ee-section-subtitle{color:var(--kv-ee-text1-accent1) !important;text-shadow:none}.nucime25 .kv-ee-section-description{color:var(--kv-ee-text1-accent1) !important;text-shadow:none}.nucime25 .kv-ee-section-content{margin-top:-6rem}.nucime25 .kv-ee-default-card.kv-ee-custom-shadow{box-shadow:0 0 16px -4px rgba(var(--kv-ee-black-rgb),.24)}.nucime25 .kv-ee-content{position:relative;min-height:12rem;padding:1.5rem 1rem 1rem}@media(min-width:576px){.nucime25 .kv-ee-content{padding:1.5rem 1rem 1rem}}@media(min-width:992px){.nucime25 .kv-ee-content{padding:3rem 2.5rem 1rem}}.nucime25 .kv-ee-content .kv-ee-row{justify-content:flex-start}.nucime25 .kv-ee-rounded-corners{border-radius:.5rem}.nucime25 .kv-ee-align-left{text-align:left;margin-right:auto}.nucime25 .kv-ee-align-left .kv-ee-section-text{margin-right:auto;margin-left:0;text-align:left}.nucime25 .kv-ee-align-left .kv-ee-button-group{justify-content:flex-start}.nucime25 .kv-ee-align-center{text-align:center;margin:0 auto}.nucime25 .kv-ee-align-center .kv-ee-section-text{margin-left:auto;margin-right:auto;text-align:center}.nucime25 .kv-ee-align-right{text-align:right;margin-left:auto}.nucime25 .kv-ee-align-right .kv-ee-section-text{margin-left:auto;margin-right:0;text-align:right}.nucime25 .kv-ee-align-right .kv-ee-button-group{justify-content:flex-end}.rivisu76 .kv-ee-description{color:rgba(var(--kv-ee-text1-rgb),.75)}.rivisu76 .kv-ee-content{padding:1rem 2.5rem 1rem}.rivisu76 .kv-ee-item{margin-top:1rem;margin-bottom:1rem}.rivisu76 .kv-ee-col-lg-12 div{max-width:570px;margin-left:auto;margin-right:auto}@media(min-width:992px){.rivisu76 .kv-ee-col-lg-12.kv-ee-item{margin-top:1rem;margin-bottom:1rem}}.rivisu76 .kv-ee-button{margin-top:1rem}.rivisu76 .kv-ee-col-lg-6.kv-ee-item{margin-bottom:2rem;margin-top:2.5rem}.rivisu76 .kv-ee-col-lg-4.kv-ee-item{margin-bottom:1rem;margin-top:1rem}@media(min-width:1200px){.rivisu76 .kv-ee-align-left .kv-ee-col-lg-6{padding-left:1rem;padding-right:4rem}.rivisu76 .kv-ee-align-left .kv-ee-col-lg-4{padding-right:3rem}.rivisu76 .kv-ee-align-center .kv-ee-col-lg-6{padding-left:3rem;padding-right:3rem}.rivisu76 .kv-ee-align-center .kv-ee-col-lg-4{padding-left:1.5rem;padding-right:1.5rem}.rivisu76 .kv-ee-align-right .kv-ee-col-lg-6{padding-left:4rem;padding-right:1rem}.rivisu76 .kv-ee-align-right .kv-ee-col-lg-4{padding-left:3rem}}<\/style>","protected":false},"excerpt":{"rendered":"","protected":false},"author":1,"featured_media":0,"parent":0,"menu_order":0,"comment_status":"closed","ping_status":"closed","template":"wb4wp-template.php","meta":{"nf_dc_page":"","WB4WB4WP_MODE":"","WB4WP_PAGE_SCRIPTS":"","WB4WP_PAGE_STYLES":"","WB4WP_PAGE_FONTS":"","WB4WP_PAGE_HEADER":"","WB4WP_PAGE_FOOTER":"","footnotes":""},"class_list":["post-5","page","type-page","status-publish","hentry"],"yoast_head":"<!-- This site is optimized with the Yoast SEO plugin v27.4 - https:\/\/yoast.com\/product\/yoast-seo-wordpress\/ -->\n<title>Home - Pedagog\u00eda teatral<\/title>\n<meta name=\"robots\" content=\"index, follow, max-snippet:-1, max-image-preview:large, max-video-preview:-1\" \/>\n<link rel=\"canonical\" href=\"https:\/\/pedagogiateatral.educarteudec.com\/\" \/>\n<meta property=\"og:locale\" content=\"en_US\" \/>\n<meta property=\"og:type\" content=\"article\" \/>\n<meta property=\"og:title\" content=\"Home - Pedagog\u00eda teatral\" \/>\n<meta property=\"og:url\" content=\"https:\/\/pedagogiateatral.educarteudec.com\/\" \/>\n<meta property=\"og:site_name\" content=\"Pedagog\u00eda teatral\" \/>\n<meta property=\"article:modified_time\" content=\"2022-07-03T01:21:02+00:00\" \/>\n<meta name=\"twitter:card\" content=\"summary_large_image\" \/>\n<meta name=\"twitter:label1\" content=\"Est. reading time\" \/>\n\t<meta name=\"twitter:data1\" content=\"1 minute\" \/>\n<script type=\"application\/ld+json\" class=\"yoast-schema-graph\">{\"@context\":\"https:\\\/\\\/schema.org\",\"@graph\":[{\"@type\":\"WebPage\",\"@id\":\"https:\\\/\\\/pedagogiateatral.educarteudec.com\\\/\",\"url\":\"https:\\\/\\\/pedagogiateatral.educarteudec.com\\\/\",\"name\":\"Home - Pedagog\u00eda teatral\",\"isPartOf\":{\"@id\":\"https:\\\/\\\/pedagogiateatral.educarteudec.com\\\/#website\"},\"datePublished\":\"-0001-11-30T00:00:00+00:00\",\"dateModified\":\"2022-07-03T01:21:02+00:00\",\"breadcrumb\":{\"@id\":\"https:\\\/\\\/pedagogiateatral.educarteudec.com\\\/#breadcrumb\"},\"inLanguage\":\"en-US\",\"potentialAction\":[{\"@type\":\"ReadAction\",\"target\":[\"https:\\\/\\\/pedagogiateatral.educarteudec.com\\\/\"]}]},{\"@type\":\"BreadcrumbList\",\"@id\":\"https:\\\/\\\/pedagogiateatral.educarteudec.com\\\/#breadcrumb\",\"itemListElement\":[{\"@type\":\"ListItem\",\"position\":1,\"name\":\"Home\",\"item\":\"https:\\\/\\\/pedagogiateatral.educarteudec.com\\\/\"},{\"@type\":\"ListItem\",\"position\":2,\"name\":\"Home\"}]},{\"@type\":\"WebSite\",\"@id\":\"https:\\\/\\\/pedagogiateatral.educarteudec.com\\\/#website\",\"url\":\"https:\\\/\\\/pedagogiateatral.educarteudec.com\\\/\",\"name\":\"Pedagog\u00eda teatral\",\"description\":\"\",\"potentialAction\":[{\"@type\":\"SearchAction\",\"target\":{\"@type\":\"EntryPoint\",\"urlTemplate\":\"https:\\\/\\\/pedagogiateatral.educarteudec.com\\\/?s={search_term_string}\"},\"query-input\":{\"@type\":\"PropertyValueSpecification\",\"valueRequired\":true,\"valueName\":\"search_term_string\"}}],\"inLanguage\":\"en-US\"}]}<\/script>\n<!-- \/ Yoast SEO plugin. -->","yoast_head_json":{"title":"Home - Pedagog\u00eda teatral","robots":{"index":"index","follow":"follow","max-snippet":"max-snippet:-1","max-image-preview":"max-image-preview:large","max-video-preview":"max-video-preview:-1"},"canonical":"https:\/\/pedagogiateatral.educarteudec.com\/","og_locale":"en_US","og_type":"article","og_title":"Home - Pedagog\u00eda teatral","og_url":"https:\/\/pedagogiateatral.educarteudec.com\/","og_site_name":"Pedagog\u00eda teatral","article_modified_time":"2022-07-03T01:21:02+00:00","twitter_card":"summary_large_image","twitter_misc":{"Est. reading time":"1 minute"},"schema":{"@context":"https:\/\/schema.org","@graph":[{"@type":"WebPage","@id":"https:\/\/pedagogiateatral.educarteudec.com\/","url":"https:\/\/pedagogiateatral.educarteudec.com\/","name":"Home - Pedagog\u00eda teatral","isPartOf":{"@id":"https:\/\/pedagogiateatral.educarteudec.com\/#website"},"datePublished":"-0001-11-30T00:00:00+00:00","dateModified":"2022-07-03T01:21:02+00:00","breadcrumb":{"@id":"https:\/\/pedagogiateatral.educarteudec.com\/#breadcrumb"},"inLanguage":"en-US","potentialAction":[{"@type":"ReadAction","target":["https:\/\/pedagogiateatral.educarteudec.com\/"]}]},{"@type":"BreadcrumbList","@id":"https:\/\/pedagogiateatral.educarteudec.com\/#breadcrumb","itemListElement":[{"@type":"ListItem","position":1,"name":"Home","item":"https:\/\/pedagogiateatral.educarteudec.com\/"},{"@type":"ListItem","position":2,"name":"Home"}]},{"@type":"WebSite","@id":"https:\/\/pedagogiateatral.educarteudec.com\/#website","url":"https:\/\/pedagogiateatral.educarteudec.com\/","name":"Pedagog\u00eda teatral","description":"","potentialAction":[{"@type":"SearchAction","target":{"@type":"EntryPoint","urlTemplate":"https:\/\/pedagogiateatral.educarteudec.com\/?s={search_term_string}"},"query-input":{"@type":"PropertyValueSpecification","valueRequired":true,"valueName":"search_term_string"}}],"inLanguage":"en-US"}]}},"jetpack_sharing_enabled":true,"_links":{"self":[{"href":"https:\/\/pedagogiateatral.educarteudec.com\/index.php?rest_route=\/wp\/v2\/pages\/5","targetHints":{"allow":["GET"]}}],"collection":[{"href":"https:\/\/pedagogiateatral.educarteudec.com\/index.php?rest_route=\/wp\/v2\/pages"}],"about":[{"href":"https:\/\/pedagogiateatral.educarteudec.com\/index.php?rest_route=\/wp\/v2\/types\/page"}],"author":[{"embeddable":true,"href":"https:\/\/pedagogiateatral.educarteudec.com\/index.php?rest_route=\/wp\/v2\/users\/1"}],"replies":[{"embeddable":true,"href":"https:\/\/pedagogiateatral.educarteudec.com\/index.php?rest_route=%2Fwp%2Fv2%2Fcomments&post=5"}],"version-history":[{"count":2,"href":"https:\/\/pedagogiateatral.educarteudec.com\/index.php?rest_route=\/wp\/v2\/pages\/5\/revisions"}],"predecessor-version":[{"id":21,"href":"https:\/\/pedagogiateatral.educarteudec.com\/index.php?rest_route=\/wp\/v2\/pages\/5\/revisions\/21"}],"wp:attachment":[{"href":"https:\/\/pedagogiateatral.educarteudec.com\/index.php?rest_route=%2Fwp%2Fv2%2Fmedia&parent=5"}],"curies":[{"name":"wp","href":"https:\/\/api.w.org\/{rel}","templated":true}]}}